{"id":21722,"date":"2021-02-02T11:41:02","date_gmt":"2021-02-02T10:41:02","guid":{"rendered":"https:\/\/www.groupe-oec.fr\/?page_id=21722"},"modified":"2023-05-17T13:57:04","modified_gmt":"2023-05-17T11:57:04","slug":"labels-certilingua","status":"publish","type":"page","link":"https:\/\/www.groupe-ozanam-lille.fr\/en\/labels-certilingua\/","title":{"rendered":"Labels Certilingua"},"content":{"rendered":"\n<p><img loading=\"lazy\" decoding=\"async\" class=\"alignnone size-medium wp-image-13360\" src=\"https:\/\/www.groupe-ozanam-lille.fr\/uploads\/2019\/05\/certilingua-logo-300x162.png\" alt=\"\" width=\"300\" height=\"162\" srcset=\"https:\/\/www.groupe-ozanam-lille.fr\/uploads\/2019\/05\/certilingua-logo-300x162.png 300w, https:\/\/www.groupe-ozanam-lille.fr\/uploads\/2019\/05\/certilingua-logo-350x190.png 350w, https:\/\/www.groupe-ozanam-lille.fr\/uploads\/2019\/05\/certilingua-logo-200x108.png 200w, https:\/\/www.groupe-ozanam-lille.fr\/uploads\/2019\/05\/certilingua-logo-272x147.png 272w, https:\/\/www.groupe-ozanam-lille.fr\/uploads\/2019\/05\/certilingua-logo-213x115.png 213w, https:\/\/www.groupe-ozanam-lille.fr\/uploads\/2019\/05\/certilingua-logo-413x223.png 413w, https:\/\/www.groupe-ozanam-lille.fr\/uploads\/2019\/05\/certilingua-logo.png 454w\" sizes=\"auto, (max-width: 300px) 100vw, 300px\" \/><\/p>\n<p>Since 2016, the school has been accredited by Certilingua. This international label of excellence certifies the intercultural, plurilingual European and international skills of the students.<\/p>\n<p>The CertiLingua\u00ae Label of Excellence for plurilingual, European and international skills attests to a high level of performance and complements the bachelor&#8217;s degree<\/p>\n<p>The CertiLingua\u00ae Label of Excellence for plurilingual, European and international skills is issued by the only institutions officially authorised by the Ministry of Education and the Certilingua.\u00ae network.<\/p>\n<p>The accreditation received by these institutions attests to the fact that they :<\/p>\n<ul>\n<li>offer teaching in two modern foreign languages at level B2 of the Common European Framework of Reference for Languages in the final cycle.<\/li>\n<li>provide subject teaching in a foreign language (DNL) in the terminal cycle<\/li>\n<li>carry out in-depth, specialised and interdisciplinary work on lifestyles and living environments in Europe and internationally<\/li>\n<li>regularly initiate European and international cooperation projects<\/li>\n<li>sustainably preserve the quality of European and international language and educational provision by means of evaluation methods<\/li>\n<\/ul>\n<p>Institutions awarding the CertiLingua\u00ae Label of Excellence for plurilingual, European and international skills under comparable conditions cooperate in national and international networks.<\/p>\n<p>Further information can be obtained at the following address : <a href=\"http:\/\/www.certilingua.net.\" target=\"_blank\" rel=\"noopener noreferrer\">http:\/\/www.certilingua.net.<\/a><\/p>\n<p>In 2020, 2 candidates from the Ozanam high school received the label for their path of excellence: Alice DEGRAEVE and Julie DUPONT.<br \/>Alice is currently studying for a degree in Literature, Literature, Foreign Languages and Civilisation at the Catho de Lille.<br \/>Julie is preparing a degree in Earth Sciences and Life Sciences at the University of Villeneuve d&#8217;Ascq.<\/p>\n<p><strong>2021<\/strong><br \/><strong>Tsovinar MARDOYAN, Sophie GARIBYAN, Arthur DEMEESTER, Vianney DURIEUX<\/strong><\/p>\n<p><strong>2022\u00a0<\/strong><br \/><strong>H\u00e9lo\u00efse CAUDRON et Oc\u00e9ane DUTHOIT\u00a0<\/strong><\/p>\n","protected":false},"excerpt":{"rendered":"<p>Since 2016, the school has been accredited by Certilingua. This international label of excellence certifies the intercultural, plurilingual European and international skills of the students. The CertiLingua\u00ae Label of Excellence for plurilingual, European and international skills attests to a high level of performance and complements the bachelor&#8217;s degree The CertiLingua\u00ae Label of Excellence for plurilingual, [&hellip;]<\/p>\n","protected":false},"author":4,"featured_media":0,"parent":0,"menu_order":32,"comment_status":"closed","ping_status":"closed","template":"","meta":{"_uag_custom_page_level_css":"","footnotes":""},"categories_ecole":[],"class_list":["post-21722","page","type-page","status-publish","hentry"],"yoast_head":"<!-- This site is optimized with the Yoast SEO plugin v27.2 - https:\/\/yoast.com\/product\/yoast-seo-wordpress\/ -->\n<title>Labels Certilingua - Groupe Ozanam Lille<\/title>\n<meta name=\"description\" content=\"Since 2016, the school has been accredited by Certilingua. This international label of excellence certifies the intercultural, plurilingual European and\" \/>\n<meta name=\"robots\" content=\"index, follow, max-snippet:-1, max-image-preview:large, max-video-preview:-1\" \/>\n<link rel=\"canonical\" href=\"https:\/\/www.groupe-ozanam-lille.fr\/en\/labels-certilingua\/\" \/>\n<meta property=\"og:locale\" content=\"en_US\" \/>\n<meta property=\"og:type\" content=\"article\" \/>\n<meta property=\"og:title\" content=\"Labels Certilingua - Groupe Ozanam Lille\" \/>\n<meta property=\"og:description\" content=\"Since 2016, the school has been accredited by Certilingua. This international label of excellence certifies the intercultural, plurilingual European and\" \/>\n<meta property=\"og:url\" content=\"https:\/\/www.groupe-ozanam-lille.fr\/en\/labels-certilingua\/\" \/>\n<meta property=\"og:site_name\" content=\"Groupe Ozanam Lille\" \/>\n<meta property=\"article:modified_time\" content=\"2023-05-17T11:57:04+00:00\" \/>\n<meta property=\"og:image\" content=\"https:\/\/www.groupe-ozanam-lille.fr\/uploads\/2019\/05\/certilingua-logo-300x162.png\" \/>\n<meta name=\"twitter:card\" content=\"summary_large_image\" \/>\n<meta name=\"twitter:label1\" content=\"Est. reading time\" \/>\n\t<meta name=\"twitter:data1\" content=\"2 minutes\" \/>\n<script type=\"application\/ld+json\" class=\"yoast-schema-graph\">{\"@context\":\"https:\/\/schema.org\",\"@graph\":[{\"@type\":\"WebPage\",\"@id\":\"https:\/\/www.groupe-ozanam-lille.fr\/en\/labels-certilingua\/\",\"url\":\"https:\/\/www.groupe-ozanam-lille.fr\/en\/labels-certilingua\/\",\"name\":\"Labels Certilingua - Groupe Ozanam Lille\",\"isPartOf\":{\"@id\":\"https:\/\/www.groupe-ozanam-lille.fr\/#website\"},\"primaryImageOfPage\":{\"@id\":\"https:\/\/www.groupe-ozanam-lille.fr\/en\/labels-certilingua\/#primaryimage\"},\"image\":{\"@id\":\"https:\/\/www.groupe-ozanam-lille.fr\/en\/labels-certilingua\/#primaryimage\"},\"thumbnailUrl\":\"https:\/\/www.groupe-ozanam-lille.fr\/uploads\/2019\/05\/certilingua-logo-300x162.png\",\"datePublished\":\"2021-02-02T10:41:02+00:00\",\"dateModified\":\"2023-05-17T11:57:04+00:00\",\"description\":\"Since 2016, the school has been accredited by Certilingua. This international label of excellence certifies the intercultural, plurilingual European and\",\"breadcrumb\":{\"@id\":\"https:\/\/www.groupe-ozanam-lille.fr\/en\/labels-certilingua\/#breadcrumb\"},\"inLanguage\":\"en-US\",\"potentialAction\":[{\"@type\":\"ReadAction\",\"target\":[\"https:\/\/www.groupe-ozanam-lille.fr\/en\/labels-certilingua\/\"]}]},{\"@type\":\"ImageObject\",\"inLanguage\":\"en-US\",\"@id\":\"https:\/\/www.groupe-ozanam-lille.fr\/en\/labels-certilingua\/#primaryimage\",\"url\":\"https:\/\/www.groupe-ozanam-lille.fr\/uploads\/2019\/05\/certilingua-logo-300x162.png\",\"contentUrl\":\"https:\/\/www.groupe-ozanam-lille.fr\/uploads\/2019\/05\/certilingua-logo-300x162.png\"},{\"@type\":\"BreadcrumbList\",\"@id\":\"https:\/\/www.groupe-ozanam-lille.fr\/en\/labels-certilingua\/#breadcrumb\",\"itemListElement\":[{\"@type\":\"ListItem\",\"position\":1,\"name\":\"Accueil\",\"item\":\"https:\/\/www.groupe-ozanam-lille.fr\/en\/\"},{\"@type\":\"ListItem\",\"position\":2,\"name\":\"Labels Certilingua\"}]},{\"@type\":\"WebSite\",\"@id\":\"https:\/\/www.groupe-ozanam-lille.fr\/#website\",\"url\":\"https:\/\/www.groupe-ozanam-lille.fr\/\",\"name\":\"Groupe Ozanam Lille\",\"description\":\"Croire en tous, accompagner chacun | Groupe Ozanam Lille, \u00e9tablissements priv\u00e9s catholiques\",\"potentialAction\":[{\"@type\":\"SearchAction\",\"target\":{\"@type\":\"EntryPoint\",\"urlTemplate\":\"https:\/\/www.groupe-ozanam-lille.fr\/?s={search_term_string}\"},\"query-input\":{\"@type\":\"PropertyValueSpecification\",\"valueRequired\":true,\"valueName\":\"search_term_string\"}}],\"inLanguage\":\"en-US\"}]}<\/script>\n<!-- \/ Yoast SEO plugin. -->","yoast_head_json":{"title":"Labels Certilingua - Groupe Ozanam Lille","description":"Since 2016, the school has been accredited by Certilingua. This international label of excellence certifies the intercultural, plurilingual European and","robots":{"index":"index","follow":"follow","max-snippet":"max-snippet:-1","max-image-preview":"max-image-preview:large","max-video-preview":"max-video-preview:-1"},"canonical":"https:\/\/www.groupe-ozanam-lille.fr\/en\/labels-certilingua\/","og_locale":"en_US","og_type":"article","og_title":"Labels Certilingua - Groupe Ozanam Lille","og_description":"Since 2016, the school has been accredited by Certilingua. This international label of excellence certifies the intercultural, plurilingual European and","og_url":"https:\/\/www.groupe-ozanam-lille.fr\/en\/labels-certilingua\/","og_site_name":"Groupe Ozanam Lille","article_modified_time":"2023-05-17T11:57:04+00:00","og_image":[{"url":"https:\/\/www.groupe-ozanam-lille.fr\/uploads\/2019\/05\/certilingua-logo-300x162.png","type":"","width":"","height":""}],"twitter_card":"summary_large_image","twitter_misc":{"Est. reading time":"2 minutes"},"schema":{"@context":"https:\/\/schema.org","@graph":[{"@type":"WebPage","@id":"https:\/\/www.groupe-ozanam-lille.fr\/en\/labels-certilingua\/","url":"https:\/\/www.groupe-ozanam-lille.fr\/en\/labels-certilingua\/","name":"Labels Certilingua - Groupe Ozanam Lille","isPartOf":{"@id":"https:\/\/www.groupe-ozanam-lille.fr\/#website"},"primaryImageOfPage":{"@id":"https:\/\/www.groupe-ozanam-lille.fr\/en\/labels-certilingua\/#primaryimage"},"image":{"@id":"https:\/\/www.groupe-ozanam-lille.fr\/en\/labels-certilingua\/#primaryimage"},"thumbnailUrl":"https:\/\/www.groupe-ozanam-lille.fr\/uploads\/2019\/05\/certilingua-logo-300x162.png","datePublished":"2021-02-02T10:41:02+00:00","dateModified":"2023-05-17T11:57:04+00:00","description":"Since 2016, the school has been accredited by Certilingua. This international label of excellence certifies the intercultural, plurilingual European and","breadcrumb":{"@id":"https:\/\/www.groupe-ozanam-lille.fr\/en\/labels-certilingua\/#breadcrumb"},"inLanguage":"en-US","potentialAction":[{"@type":"ReadAction","target":["https:\/\/www.groupe-ozanam-lille.fr\/en\/labels-certilingua\/"]}]},{"@type":"ImageObject","inLanguage":"en-US","@id":"https:\/\/www.groupe-ozanam-lille.fr\/en\/labels-certilingua\/#primaryimage","url":"https:\/\/www.groupe-ozanam-lille.fr\/uploads\/2019\/05\/certilingua-logo-300x162.png","contentUrl":"https:\/\/www.groupe-ozanam-lille.fr\/uploads\/2019\/05\/certilingua-logo-300x162.png"},{"@type":"BreadcrumbList","@id":"https:\/\/www.groupe-ozanam-lille.fr\/en\/labels-certilingua\/#breadcrumb","itemListElement":[{"@type":"ListItem","position":1,"name":"Accueil","item":"https:\/\/www.groupe-ozanam-lille.fr\/en\/"},{"@type":"ListItem","position":2,"name":"Labels Certilingua"}]},{"@type":"WebSite","@id":"https:\/\/www.groupe-ozanam-lille.fr\/#website","url":"https:\/\/www.groupe-ozanam-lille.fr\/","name":"Groupe Ozanam Lille","description":"Croire en tous, accompagner chacun | Groupe Ozanam Lille, \u00e9tablissements priv\u00e9s catholiques","potentialAction":[{"@type":"SearchAction","target":{"@type":"EntryPoint","urlTemplate":"https:\/\/www.groupe-ozanam-lille.fr\/?s={search_term_string}"},"query-input":{"@type":"PropertyValueSpecification","valueRequired":true,"valueName":"search_term_string"}}],"inLanguage":"en-US"}]}},"featured_image_src":null,"featured_image_src_square":null,"uagb_featured_image_src":{"full":false,"thumbnail":false,"medium":false,"medium_large":false,"large":false,"1536x1536":false,"2048x2048":false,"aka_full":false,"banner_formation":false,"teaser":false,"home_bloc":false,"ab-block-post-grid-landscape":false,"ab-block-post-grid-square":false},"uagb_author_info":{"display_name":"sylvie","author_link":"https:\/\/www.groupe-ozanam-lille.fr\/en\/author\/sylvie\/"},"uagb_comment_info":0,"uagb_excerpt":"Since 2016, the school has been accredited by Certilingua. This international label of excellence certifies the intercultural, plurilingual European and international skills of the students. The CertiLingua\u00ae Label of Excellence for plurilingual, European and international skills attests to a high level of performance and complements the bachelor&#8217;s degree The CertiLingua\u00ae Label of Excellence for plurilingual,&hellip;","_links":{"self":[{"href":"https:\/\/www.groupe-ozanam-lille.fr\/en\/wp-json\/wp\/v2\/pages\/21722","targetHints":{"allow":["GET"]}}],"collection":[{"href":"https:\/\/www.groupe-ozanam-lille.fr\/en\/wp-json\/wp\/v2\/pages"}],"about":[{"href":"https:\/\/www.groupe-ozanam-lille.fr\/en\/wp-json\/wp\/v2\/types\/page"}],"author":[{"embeddable":true,"href":"https:\/\/www.groupe-ozanam-lille.fr\/en\/wp-json\/wp\/v2\/users\/4"}],"replies":[{"embeddable":true,"href":"https:\/\/www.groupe-ozanam-lille.fr\/en\/wp-json\/wp\/v2\/comments?post=21722"}],"version-history":[{"count":1,"href":"https:\/\/www.groupe-ozanam-lille.fr\/en\/wp-json\/wp\/v2\/pages\/21722\/revisions"}],"predecessor-version":[{"id":31730,"href":"https:\/\/www.groupe-ozanam-lille.fr\/en\/wp-json\/wp\/v2\/pages\/21722\/revisions\/31730"}],"wp:attachment":[{"href":"https:\/\/www.groupe-ozanam-lille.fr\/en\/wp-json\/wp\/v2\/media?parent=21722"}],"wp:term":[{"taxonomy":"categories_ecole","embeddable":true,"href":"https:\/\/www.groupe-ozanam-lille.fr\/en\/wp-json\/wp\/v2\/categories_ecole?post=21722"}],"curies":[{"name":"wp","href":"https:\/\/api.w.org\/{rel}","templated":true}]}}