{"id":11837,"date":"2019-04-29T15:20:07","date_gmt":"2019-04-29T13:20:07","guid":{"rendered":"http:\/\/oec.aka-hbgt2.com\/?page_id=11837"},"modified":"2020-09-24T14:49:22","modified_gmt":"2020-09-24T12:49:22","slug":"campus-program-associate-degree","status":"publish","type":"page","link":"https:\/\/www.groupe-ozanam-lille.fr\/en\/campus-program-associate-degree\/","title":{"rendered":"CAMPUS program associate degree"},"content":{"rendered":"\n<h2 data-tadv-p=\"keep\">Vocational school<\/h2>\n\n\n\n\n\n<div class=\"wp-block-image\"><figure class=\"aligncenter\"><img loading=\"lazy\" decoding=\"async\" width=\"1024\" height=\"680\" src=\"http:\/\/www.groupe-ozanam-lille.fr\/uploads\/2019\/04\/campus-1024x680.jpg\" alt=\"\" class=\"wp-image-11838\" srcset=\"https:\/\/www.groupe-ozanam-lille.fr\/uploads\/2019\/04\/campus-1024x680.jpg 1024w, https:\/\/www.groupe-ozanam-lille.fr\/uploads\/2019\/04\/campus-300x199.jpg 300w, https:\/\/www.groupe-ozanam-lille.fr\/uploads\/2019\/04\/campus-768x510.jpg 768w, https:\/\/www.groupe-ozanam-lille.fr\/uploads\/2019\/04\/campus.jpg 1029w\" sizes=\"auto, (max-width: 1024px) 100vw, 1024px\" \/><\/figure><\/div>\n\n\n\n<p>\u00a0<\/p>\n<ul>\n<li><a href=\"http:\/\/www.groupe-ozanam-lille.fr\/uploads\/2019\/04\/associate-degree-design-realization-of-automatic-systems.pdf\" target=\"_blank\" rel=\"noopener noreferrer\"><strong>Associate Degree Design Realization of Automatic Systems (Click Here)<\/strong><\/a><br \/>(BTS Conception R\u00e9alisation des Syst\u00e8mes Automatiques)<\/li>\n<\/ul>\n<p>\u00a0<\/p>\n<ul>\n<li><a href=\"http:\/\/www.groupe-ozanam-lille.fr\/uploads\/2019\/04\/associate-degree-studies-and-economy-of-the-construction.pdf\" target=\"_blank\" rel=\"noopener noreferrer\"><strong>Associate Degree Studies and Economy of the Construction (Click Here)<\/strong><\/a><br \/>(BTS \u00c9tude et \u00c9conomie de la Construction)<\/li>\n<\/ul>\n<p>\u00a0<\/p>\n<ul>\n<li><a href=\"http:\/\/www.groupe-ozanam-lille.fr\/uploads\/2019\/04\/associate-degree-electro-technical.pdf\" target=\"_blank\" rel=\"noopener noreferrer\"><strong>Associate Degree Electro technic (Click Here)<\/strong><\/a><br \/>(BTS \u00c9lectrotechnique)<\/li>\n<\/ul>\n<p>\u00a0<\/p>\n<ul>\n<li><a href=\"http:\/\/www.groupe-ozanam-lille.fr\/uploads\/2019\/04\/associate-degree-maintenance-production-systems.pdf\" target=\"_blank\" rel=\"noopener noreferrer\"><strong>Associate degree Maintenance Production System (Click Here)<\/strong><\/a><br \/>(BTS Maintenance des Syst\u00e8mes de Production)<\/li>\n<\/ul>\n<p>\u00a0<\/p>\n<ul>\n<li><a href=\"http:\/\/www.groupe-ozanam-lille.fr\/uploads\/2019\/04\/associate-degree-environmental-services-jobs.pdf\" target=\"_blank\" rel=\"noopener noreferrer\"><strong>Associate Degree Environmental Services Jobs (Click Here)<\/strong><\/a><br \/>(BTS M\u00e9tiers des services \u00e0 l\u2019Environnement)<\/li>\n<\/ul>\n<p>\u00a0<\/p>\n<ul>\n<li><a href=\"http:\/\/www.groupe-ozanam-lille.fr\/uploads\/2019\/04\/associate-degree-digital-systems-electronics-and-communication.pdf\" target=\"_blank\" rel=\"noopener noreferrer\"><strong>Associate Degree Digital Systems Electronics and Communication (Click Here)<\/strong><\/a><br \/>(BTS Syst\u00e8mes Num\u00e9rique \u00c9lectronique et Communication)<\/li>\n<\/ul>\n<p>\u00a0<\/p>\n<ul>\n<li><a href=\"http:\/\/www.groupe-ozanam-lille.fr\/uploads\/2019\/04\/associate-degree-digital-systems-computer-and-network.pdf\" target=\"_blank\" rel=\"noopener noreferrer\"><strong>Associate Degree Digital Systems Computer and Network (Click Here)<\/strong><\/a><br \/>(BTS Syst\u00e8mes Num\u00e9rique Informatique et R\u00e9seau)<\/li>\n<\/ul>\n","protected":false},"excerpt":{"rendered":"<p>Vocational school \u00a0 Associate Degree Design Realization of Automatic Systems (Click Here)(BTS Conception R\u00e9alisation des Syst\u00e8mes Automatiques) \u00a0 Associate Degree Studies and Economy of the Construction (Click Here)(BTS \u00c9tude et \u00c9conomie de la Construction) \u00a0 Associate Degree Electro technic (Click Here)(BTS \u00c9lectrotechnique) \u00a0 Associate degree Maintenance Production System (Click Here)(BTS Maintenance des Syst\u00e8mes de Production) [&hellip;]<\/p>\n","protected":false},"author":1,"featured_media":0,"parent":0,"menu_order":71,"comment_status":"closed","ping_status":"closed","template":"","meta":{"_uag_custom_page_level_css":"","footnotes":""},"categories_ecole":[],"class_list":["post-11837","page","type-page","status-publish","hentry"],"yoast_head":"<!-- This site is optimized with the Yoast SEO plugin v27.2 - https:\/\/yoast.com\/product\/yoast-seo-wordpress\/ -->\n<title>CAMPUS program associate degree - Groupe Ozanam Lille<\/title>\n<meta name=\"description\" content=\"Vocational school \u00a0 Associate Degree Design Realization of Automatic Systems (Click Here)(BTS Conception R\u00e9alisation des Syst\u00e8mes Automatiques) \u00a0\" \/>\n<meta name=\"robots\" content=\"index, follow, max-snippet:-1, max-image-preview:large, max-video-preview:-1\" \/>\n<link rel=\"canonical\" href=\"https:\/\/www.groupe-ozanam-lille.fr\/en\/campus-program-associate-degree\/\" \/>\n<meta property=\"og:locale\" content=\"en_US\" \/>\n<meta property=\"og:type\" content=\"article\" \/>\n<meta property=\"og:title\" content=\"CAMPUS program associate degree - Groupe Ozanam Lille\" \/>\n<meta property=\"og:description\" content=\"Vocational school \u00a0 Associate Degree Design Realization of Automatic Systems (Click Here)(BTS Conception R\u00e9alisation des Syst\u00e8mes Automatiques) \u00a0\" \/>\n<meta property=\"og:url\" content=\"https:\/\/www.groupe-ozanam-lille.fr\/en\/campus-program-associate-degree\/\" \/>\n<meta property=\"og:site_name\" content=\"Groupe Ozanam Lille\" \/>\n<meta property=\"article:modified_time\" content=\"2020-09-24T12:49:22+00:00\" \/>\n<meta property=\"og:image\" content=\"http:\/\/www.groupe-ozanam-lille.fr\/uploads\/2019\/04\/campus-1024x680.jpg\" \/>\n<meta name=\"twitter:card\" content=\"summary_large_image\" \/>\n<meta name=\"twitter:label1\" content=\"Est. reading time\" \/>\n\t<meta name=\"twitter:data1\" content=\"1 minute\" \/>\n<script type=\"application\/ld+json\" class=\"yoast-schema-graph\">{\"@context\":\"https:\/\/schema.org\",\"@graph\":[{\"@type\":\"WebPage\",\"@id\":\"https:\/\/www.groupe-ozanam-lille.fr\/en\/campus-program-associate-degree\/\",\"url\":\"https:\/\/www.groupe-ozanam-lille.fr\/en\/campus-program-associate-degree\/\",\"name\":\"CAMPUS program associate degree - Groupe Ozanam Lille\",\"isPartOf\":{\"@id\":\"https:\/\/www.groupe-ozanam-lille.fr\/#website\"},\"primaryImageOfPage\":{\"@id\":\"https:\/\/www.groupe-ozanam-lille.fr\/en\/campus-program-associate-degree\/#primaryimage\"},\"image\":{\"@id\":\"https:\/\/www.groupe-ozanam-lille.fr\/en\/campus-program-associate-degree\/#primaryimage\"},\"thumbnailUrl\":\"http:\/\/www.groupe-ozanam-lille.fr\/uploads\/2019\/04\/campus-1024x680.jpg\",\"datePublished\":\"2019-04-29T13:20:07+00:00\",\"dateModified\":\"2020-09-24T12:49:22+00:00\",\"description\":\"Vocational school \u00a0 Associate Degree Design Realization of Automatic Systems (Click Here)(BTS Conception R\u00e9alisation des Syst\u00e8mes Automatiques) \u00a0\",\"breadcrumb\":{\"@id\":\"https:\/\/www.groupe-ozanam-lille.fr\/en\/campus-program-associate-degree\/#breadcrumb\"},\"inLanguage\":\"en-US\",\"potentialAction\":[{\"@type\":\"ReadAction\",\"target\":[\"https:\/\/www.groupe-ozanam-lille.fr\/en\/campus-program-associate-degree\/\"]}]},{\"@type\":\"ImageObject\",\"inLanguage\":\"en-US\",\"@id\":\"https:\/\/www.groupe-ozanam-lille.fr\/en\/campus-program-associate-degree\/#primaryimage\",\"url\":\"http:\/\/www.groupe-ozanam-lille.fr\/uploads\/2019\/04\/campus-1024x680.jpg\",\"contentUrl\":\"http:\/\/www.groupe-ozanam-lille.fr\/uploads\/2019\/04\/campus-1024x680.jpg\"},{\"@type\":\"BreadcrumbList\",\"@id\":\"https:\/\/www.groupe-ozanam-lille.fr\/en\/campus-program-associate-degree\/#breadcrumb\",\"itemListElement\":[{\"@type\":\"ListItem\",\"position\":1,\"name\":\"Accueil\",\"item\":\"https:\/\/www.groupe-ozanam-lille.fr\/en\/\"},{\"@type\":\"ListItem\",\"position\":2,\"name\":\"CAMPUS program associate degree\"}]},{\"@type\":\"WebSite\",\"@id\":\"https:\/\/www.groupe-ozanam-lille.fr\/#website\",\"url\":\"https:\/\/www.groupe-ozanam-lille.fr\/\",\"name\":\"Groupe Ozanam Lille\",\"description\":\"Croire en tous, accompagner chacun | Groupe Ozanam Lille, \u00e9tablissements priv\u00e9s catholiques\",\"potentialAction\":[{\"@type\":\"SearchAction\",\"target\":{\"@type\":\"EntryPoint\",\"urlTemplate\":\"https:\/\/www.groupe-ozanam-lille.fr\/?s={search_term_string}\"},\"query-input\":{\"@type\":\"PropertyValueSpecification\",\"valueRequired\":true,\"valueName\":\"search_term_string\"}}],\"inLanguage\":\"en-US\"}]}<\/script>\n<!-- \/ Yoast SEO plugin. -->","yoast_head_json":{"title":"CAMPUS program associate degree - Groupe Ozanam Lille","description":"Vocational school \u00a0 Associate Degree Design Realization of Automatic Systems (Click Here)(BTS Conception R\u00e9alisation des Syst\u00e8mes Automatiques) \u00a0","robots":{"index":"index","follow":"follow","max-snippet":"max-snippet:-1","max-image-preview":"max-image-preview:large","max-video-preview":"max-video-preview:-1"},"canonical":"https:\/\/www.groupe-ozanam-lille.fr\/en\/campus-program-associate-degree\/","og_locale":"en_US","og_type":"article","og_title":"CAMPUS program associate degree - Groupe Ozanam Lille","og_description":"Vocational school \u00a0 Associate Degree Design Realization of Automatic Systems (Click Here)(BTS Conception R\u00e9alisation des Syst\u00e8mes Automatiques) \u00a0","og_url":"https:\/\/www.groupe-ozanam-lille.fr\/en\/campus-program-associate-degree\/","og_site_name":"Groupe Ozanam Lille","article_modified_time":"2020-09-24T12:49:22+00:00","og_image":[{"url":"http:\/\/www.groupe-ozanam-lille.fr\/uploads\/2019\/04\/campus-1024x680.jpg","type":"","width":"","height":""}],"twitter_card":"summary_large_image","twitter_misc":{"Est. reading time":"1 minute"},"schema":{"@context":"https:\/\/schema.org","@graph":[{"@type":"WebPage","@id":"https:\/\/www.groupe-ozanam-lille.fr\/en\/campus-program-associate-degree\/","url":"https:\/\/www.groupe-ozanam-lille.fr\/en\/campus-program-associate-degree\/","name":"CAMPUS program associate degree - Groupe Ozanam Lille","isPartOf":{"@id":"https:\/\/www.groupe-ozanam-lille.fr\/#website"},"primaryImageOfPage":{"@id":"https:\/\/www.groupe-ozanam-lille.fr\/en\/campus-program-associate-degree\/#primaryimage"},"image":{"@id":"https:\/\/www.groupe-ozanam-lille.fr\/en\/campus-program-associate-degree\/#primaryimage"},"thumbnailUrl":"http:\/\/www.groupe-ozanam-lille.fr\/uploads\/2019\/04\/campus-1024x680.jpg","datePublished":"2019-04-29T13:20:07+00:00","dateModified":"2020-09-24T12:49:22+00:00","description":"Vocational school \u00a0 Associate Degree Design Realization of Automatic Systems (Click Here)(BTS Conception R\u00e9alisation des Syst\u00e8mes Automatiques) \u00a0","breadcrumb":{"@id":"https:\/\/www.groupe-ozanam-lille.fr\/en\/campus-program-associate-degree\/#breadcrumb"},"inLanguage":"en-US","potentialAction":[{"@type":"ReadAction","target":["https:\/\/www.groupe-ozanam-lille.fr\/en\/campus-program-associate-degree\/"]}]},{"@type":"ImageObject","inLanguage":"en-US","@id":"https:\/\/www.groupe-ozanam-lille.fr\/en\/campus-program-associate-degree\/#primaryimage","url":"http:\/\/www.groupe-ozanam-lille.fr\/uploads\/2019\/04\/campus-1024x680.jpg","contentUrl":"http:\/\/www.groupe-ozanam-lille.fr\/uploads\/2019\/04\/campus-1024x680.jpg"},{"@type":"BreadcrumbList","@id":"https:\/\/www.groupe-ozanam-lille.fr\/en\/campus-program-associate-degree\/#breadcrumb","itemListElement":[{"@type":"ListItem","position":1,"name":"Accueil","item":"https:\/\/www.groupe-ozanam-lille.fr\/en\/"},{"@type":"ListItem","position":2,"name":"CAMPUS program associate degree"}]},{"@type":"WebSite","@id":"https:\/\/www.groupe-ozanam-lille.fr\/#website","url":"https:\/\/www.groupe-ozanam-lille.fr\/","name":"Groupe Ozanam Lille","description":"Croire en tous, accompagner chacun | Groupe Ozanam Lille, \u00e9tablissements priv\u00e9s catholiques","potentialAction":[{"@type":"SearchAction","target":{"@type":"EntryPoint","urlTemplate":"https:\/\/www.groupe-ozanam-lille.fr\/?s={search_term_string}"},"query-input":{"@type":"PropertyValueSpecification","valueRequired":true,"valueName":"search_term_string"}}],"inLanguage":"en-US"}]}},"featured_image_src":null,"featured_image_src_square":null,"uagb_featured_image_src":{"full":false,"thumbnail":false,"medium":false,"medium_large":false,"large":false,"1536x1536":false,"2048x2048":false,"aka_full":false,"banner_formation":false,"teaser":false,"home_bloc":false,"ab-block-post-grid-landscape":false,"ab-block-post-grid-square":false},"uagb_author_info":{"display_name":"@manager@","author_link":"https:\/\/www.groupe-ozanam-lille.fr\/en\/author\/manager\/"},"uagb_comment_info":0,"uagb_excerpt":"Vocational school \u00a0 Associate Degree Design Realization of Automatic Systems (Click Here)(BTS Conception R\u00e9alisation des Syst\u00e8mes Automatiques) \u00a0 Associate Degree Studies and Economy of the Construction (Click Here)(BTS \u00c9tude et \u00c9conomie de la Construction) \u00a0 Associate Degree Electro technic (Click Here)(BTS \u00c9lectrotechnique) \u00a0 Associate degree Maintenance Production System (Click Here)(BTS Maintenance des Syst\u00e8mes de Production)&hellip;","_links":{"self":[{"href":"https:\/\/www.groupe-ozanam-lille.fr\/en\/wp-json\/wp\/v2\/pages\/11837","targetHints":{"allow":["GET"]}}],"collection":[{"href":"https:\/\/www.groupe-ozanam-lille.fr\/en\/wp-json\/wp\/v2\/pages"}],"about":[{"href":"https:\/\/www.groupe-ozanam-lille.fr\/en\/wp-json\/wp\/v2\/types\/page"}],"author":[{"embeddable":true,"href":"https:\/\/www.groupe-ozanam-lille.fr\/en\/wp-json\/wp\/v2\/users\/1"}],"replies":[{"embeddable":true,"href":"https:\/\/www.groupe-ozanam-lille.fr\/en\/wp-json\/wp\/v2\/comments?post=11837"}],"version-history":[{"count":2,"href":"https:\/\/www.groupe-ozanam-lille.fr\/en\/wp-json\/wp\/v2\/pages\/11837\/revisions"}],"predecessor-version":[{"id":19343,"href":"https:\/\/www.groupe-ozanam-lille.fr\/en\/wp-json\/wp\/v2\/pages\/11837\/revisions\/19343"}],"wp:attachment":[{"href":"https:\/\/www.groupe-ozanam-lille.fr\/en\/wp-json\/wp\/v2\/media?parent=11837"}],"wp:term":[{"taxonomy":"categories_ecole","embeddable":true,"href":"https:\/\/www.groupe-ozanam-lille.fr\/en\/wp-json\/wp\/v2\/categories_ecole?post=11837"}],"curies":[{"name":"wp","href":"https:\/\/api.w.org\/{rel}","templated":true}]}}